{"id":213,"date":"2025-01-22T09:03:37","date_gmt":"2025-01-22T09:03:37","guid":{"rendered":"https:\/\/sarpharma.eu\/about-us\/"},"modified":"2025-10-02T08:46:33","modified_gmt":"2025-10-02T08:46:33","slug":"about-us","status":"publish","type":"page","link":"https:\/\/sarpharma.eu\/en\/about-us\/","title":{"rendered":"About Us"},"content":{"rendered":"<div data-elementor-type=\"wp-page\" data-elementor-id=\"213\" class=\"elementor elementor-213\">\n\t\t\t\t<div class=\"elementor-element elementor-element-kkpzuzao twbb_section e-flex e-con-boxed e-con e-parent\" data-id=\"kkpzuzao\" data-element_type=\"container\" data-e-type=\"container\" id=\"company-overview\" data-settings=\"{&quot;background_background&quot;:&quot;classic&quot;}\">\n\t\t\t\t\t<div class=\"e-con-inner\">\n\t\t\t\t<div class=\"elementor-element elementor-element-9gf1k082 elementor-widget__width-initial elementor-widget-mobile__width-inherit elementor-widget-tablet__width-initial elementor-invisible elementor-widget elementor-widget-heading\" data-id=\"9gf1k082\" data-element_type=\"widget\" data-e-type=\"widget\" data-settings=\"{&quot;_animation&quot;:&quot;fadeInUp&quot;}\" data-widget_type=\"heading.default\">\n\t\t\t\t<div class=\"elementor-widget-container\">\n\t\t\t\t\t<h2 class=\"elementor-heading-title elementor-size-default\">Our Experience at Your Service<\/h2>\t\t\t\t<\/div>\n\t\t\t\t<\/div>\n\t\t\t\t<div class=\"elementor-element elementor-element-05fxg5ko elementor-widget__width-initial elementor-widget-mobile__width-inherit elementor-widget-tablet__width-initial elementor-invisible elementor-widget elementor-widget-text-editor\" data-id=\"05fxg5ko\" data-element_type=\"widget\" data-e-type=\"widget\" data-settings=\"{&quot;_animation&quot;:&quot;fadeInUp&quot;}\" data-widget_type=\"text-editor.default\">\n\t\t\t\t<div class=\"elementor-widget-container\">\n\t\t\t\t\t\t\t\t\t<p><strong data-start=\"192\" data-end=\"256\">We put our expertise at the service of your company.<\/strong><br data-start=\"256\" data-end=\"259\" \/>With a <strong data-start=\"266\" data-end=\"307\">highly qualified team of experts<\/strong> in <strong data-start=\"311\" data-end=\"431\">in Regulatory Affairs, Pharmacovigilance, Quality Management, Health Technology Assessment (HTA), and Research &amp; Development<\/strong>we ensure <strong data-start=\"444\" data-end=\"491\">regulatory compliance, quality, and innovation<\/strong> to help you achieve success in the <strong data-start=\"543\" data-end=\"620\">pharmaceutical, nutraceutical, cosmetic, medical device, and healthcare sectors.<\/strong>.<\/p>\t\t\t\t\t\t\t\t<\/div>\n\t\t\t\t<\/div>\n\t\t<div class=\"elementor-element elementor-element-bh8yb9ph e-con-full e-flex e-con e-child\" data-id=\"bh8yb9ph\" data-element_type=\"container\" data-e-type=\"container\">\n\t\t\t\t<div class=\"elementor-element elementor-element-b45fombq elementor-widget__width-initial elementor-widget-mobile__width-inherit elementor-widget-tablet__width-initial elementor-view-default elementor-position-block-start elementor-mobile-position-block-start elementor-widget elementor-widget-icon-box\" data-id=\"b45fombq\" data-element_type=\"widget\" data-e-type=\"widget\" data-widget_type=\"icon-box.default\">\n\t\t\t\t<div class=\"elementor-widget-container\">\n\t\t\t\t\t\t\t<div class=\"elementor-icon-box-wrapper\">\n\n\t\t\t\t\t\t<div class=\"elementor-icon-box-icon\">\n\t\t\t\t<span  class=\"elementor-icon\">\n\t\t\t\t<svg aria-hidden=\"true\" class=\"e-font-icon-svg e-fas-user-md\" viewbox=\"0 0 448 512\" xmlns=\"http:\/\/www.w3.org\/2000\/svg\"><path d=\"M224 256c70.7 0 128-57.3 128-128S294.7 0 224 0 96 57.3 96 128s57.3 128 128 128zM104 424c0 13.3 10.7 24 24 24s24-10.7 24-24-10.7-24-24-24-24 10.7-24 24zm216-135.4v49c36.5 7.4 64 39.8 64 78.4v41.7c0 7.6-5.4 14.2-12.9 15.7l-32.2 6.4c-4.3.9-8.5-1.9-9.4-6.3l-3.1-15.7c-.9-4.3 1.9-8.6 6.3-9.4l19.3-3.9V416c0-62.8-96-65.1-96 1.9v26.7l19.3 3.9c4.3.9 7.1 5.1 6.3 9.4l-3.1 15.7c-.9 4.3-5.1 7.1-9.4 6.3l-31.2-4.2c-7.9-1.1-13.8-7.8-13.8-15.9V416c0-38.6 27.5-70.9 64-78.4v-45.2c-2.2.7-4.4 1.1-6.6 1.9-18 6.3-37.3 9.8-57.4 9.8s-39.4-3.5-57.4-9.8c-7.4-2.6-14.9-4.2-22.6-5.2v81.6c23.1 6.9 40 28.1 40 53.4 0 30.9-25.1 56-56 56s-56-25.1-56-56c0-25.3 16.9-46.5 40-53.4v-80.4C48.5 301 0 355.8 0 422.4v44.8C0 491.9 20.1 512 44.8 512h358.4c24.7 0 44.8-20.1 44.8-44.8v-44.8c0-72-56.8-130.3-128-133.8z\"><\/path><\/svg>\t\t\t\t<\/span>\n\t\t\t<\/div>\n\t\t\t\n\t\t\t\t\t\t<div class=\"elementor-icon-box-content\">\n\n\t\t\t\t\t\t\t\t\t<h4 class=\"elementor-icon-box-title\">\n\t\t\t\t\t\t<span  >\n\t\t\t\t\t\t\tDriven by Excellence\t\t\t\t\t\t<\/span>\n\t\t\t\t\t<\/h4>\n\t\t\t\t\n\t\t\t\t\t\t\t\t\t<p class=\"elementor-icon-box-description\">\n\t\t\t\t\t\tA team of professionals with years of experience in the pharmaceutical and healthcare sectors.\nWe provide strategic consulting and operational support in Regulatory Affairs, Pharmacovigilance, Quality Management, Health Technology Assessment (HTA), and Research &amp; Development, ensuring regulatory compliance, innovation, and competitive success for every project.\t\t\t\t\t<\/p>\n\t\t\t\t\n\t\t\t<\/div>\n\t\t\t\n\t\t<\/div>\n\t\t\t\t\t\t<\/div>\n\t\t\t\t<\/div>\n\t\t\t\t<div class=\"elementor-element elementor-element-ns6sfn3n elementor-widget__width-initial elementor-widget-mobile__width-inherit elementor-widget-tablet__width-initial elementor-view-default elementor-position-block-start elementor-mobile-position-block-start elementor-widget elementor-widget-icon-box\" data-id=\"ns6sfn3n\" data-element_type=\"widget\" data-e-type=\"widget\" data-widget_type=\"icon-box.default\">\n\t\t\t\t<div class=\"elementor-widget-container\">\n\t\t\t\t\t\t\t<div class=\"elementor-icon-box-wrapper\">\n\n\t\t\t\t\t\t<div class=\"elementor-icon-box-icon\">\n\t\t\t\t<span  class=\"elementor-icon\">\n\t\t\t\t<svg aria-hidden=\"true\" class=\"e-font-icon-svg e-fas-check-circle\" viewbox=\"0 0 512 512\" xmlns=\"http:\/\/www.w3.org\/2000\/svg\"><path d=\"M504 256c0 136.967-111.033 248-248 248S8 392.967 8 256 119.033 8 256 8s248 111.033 248 248zM227.314 387.314l184-184c6.248-6.248 6.248-16.379 0-22.627l-22.627-22.627c-6.248-6.249-16.379-6.249-22.628 0L216 308.118l-70.059-70.059c-6.248-6.248-16.379-6.248-22.628 0l-22.627 22.627c-6.248 6.248-6.248 16.379 0 22.627l104 104c6.249 6.249 16.379 6.249 22.628.001z\"><\/path><\/svg>\t\t\t\t<\/span>\n\t\t\t<\/div>\n\t\t\t\n\t\t\t\t\t\t<div class=\"elementor-icon-box-content\">\n\n\t\t\t\t\t\t\t\t\t<h4 class=\"elementor-icon-box-title\">\n\t\t\t\t\t\t<span  >\n\t\t\t\t\t\t\tCommitment to Quality Excellence\t\t\t\t\t\t<\/span>\n\t\t\t\t\t<\/h4>\n\t\t\t\t\n\t\t\t\t\t\t\t\t\t<p class=\"elementor-icon-box-description\">\n\t\t\t\t\t\tQuality is our cornerstone.\nWe apply strict standards and international best practices to ensure that your products meet the highest regulatory requirements for safety, efficacy, and compliance.\nOur approach guarantees reliability, transparency, and sustainable success across the pharmaceutical, nutraceutical, cosmetic, medical device, and healthcare sectors.\t\t\t\t\t<\/p>\n\t\t\t\t\n\t\t\t<\/div>\n\t\t\t\n\t\t<\/div>\n\t\t\t\t\t\t<\/div>\n\t\t\t\t<\/div>\n\t\t\t\t<div class=\"elementor-element elementor-element-91axdspq elementor-widget__width-initial elementor-widget-mobile__width-inherit elementor-widget-tablet__width-initial elementor-view-default elementor-position-block-start elementor-mobile-position-block-start elementor-widget elementor-widget-icon-box\" data-id=\"91axdspq\" data-element_type=\"widget\" data-e-type=\"widget\" data-widget_type=\"icon-box.default\">\n\t\t\t\t<div class=\"elementor-widget-container\">\n\t\t\t\t\t\t\t<div class=\"elementor-icon-box-wrapper\">\n\n\t\t\t\t\t\t<div class=\"elementor-icon-box-icon\">\n\t\t\t\t<span  class=\"elementor-icon\">\n\t\t\t\t<svg aria-hidden=\"true\" class=\"e-font-icon-svg e-fas-lightbulb\" viewbox=\"0 0 352 512\" xmlns=\"http:\/\/www.w3.org\/2000\/svg\"><path d=\"M96.06 454.35c.01 6.29 1.87 12.45 5.36 17.69l17.09 25.69a31.99 31.99 0 0 0 26.64 14.28h61.71a31.99 31.99 0 0 0 26.64-14.28l17.09-25.69a31.989 31.989 0 0 0 5.36-17.69l.04-38.35H96.01l.05 38.35zM0 176c0 44.37 16.45 84.85 43.56 115.78 16.52 18.85 42.36 58.23 52.21 91.45.04.26.07.52.11.78h160.24c.04-.26.07-.51.11-.78 9.85-33.22 35.69-72.6 52.21-91.45C335.55 260.85 352 220.37 352 176 352 78.61 272.91-.3 175.45 0 73.44.31 0 82.97 0 176zm176-80c-44.11 0-80 35.89-80 80 0 8.84-7.16 16-16 16s-16-7.16-16-16c0-61.76 50.24-112 112-112 8.84 0 16 7.16 16 16s-7.16 16-16 16z\"><\/path><\/svg>\t\t\t\t<\/span>\n\t\t\t<\/div>\n\t\t\t\n\t\t\t\t\t\t<div class=\"elementor-icon-box-content\">\n\n\t\t\t\t\t\t\t\t\t<h4 class=\"elementor-icon-box-title\">\n\t\t\t\t\t\t<span  >\n\t\t\t\t\t\t\tInnovative Solutions\t\t\t\t\t\t<\/span>\n\t\t\t\t\t<\/h4>\n\t\t\t\t\n\t\t\t\t\t\t\t\t\t<p class=\"elementor-icon-box-description\">\n\t\t\t\t\t\tInnovation is the key to the future.\nWe deliver advanced strategies and tailored solutions to tackle the challenges of an ever-evolving market, ensuring competitiveness, sustainable growth, and strategic positioning across the pharmaceutical, nutraceutical, cosmetic, medical device, and healthcare sectors.\t\t\t\t\t<\/p>\n\t\t\t\t\n\t\t\t<\/div>\n\t\t\t\n\t\t<\/div>\n\t\t\t\t\t\t<\/div>\n\t\t\t\t<\/div>\n\t\t\t\t<\/div>\n\t\t\t\t\t<\/div>\n\t\t\t\t<\/div>\n\t\t<div class=\"elementor-element elementor-element-9176354 e-flex e-con-boxed e-con e-parent\" data-id=\"9176354\" data-element_type=\"container\" data-e-type=\"container\" data-settings=\"{&quot;background_background&quot;:&quot;classic&quot;}\">\n\t\t\t\t\t<div class=\"e-con-inner\">\n\t\t<div class=\"elementor-element elementor-element-b3c443e e-con-full e-flex e-con e-child\" data-id=\"b3c443e\" data-element_type=\"container\" data-e-type=\"container\">\n\t\t\t\t<div class=\"elementor-element elementor-element-f23164b elementor-widget elementor-widget-heading\" data-id=\"f23164b\" data-element_type=\"widget\" data-e-type=\"widget\" data-widget_type=\"heading.default\">\n\t\t\t\t<div class=\"elementor-widget-container\">\n\t\t\t\t\t<h2 class=\"elementor-heading-title elementor-size-default\">ISO 9001:2015 Certification\n<\/h2>\t\t\t\t<\/div>\n\t\t\t\t<\/div>\n\t\t\t\t<\/div>\n\t\t<div class=\"elementor-element elementor-element-185cc67 e-con-full e-flex e-con e-child\" data-id=\"185cc67\" data-element_type=\"container\" data-e-type=\"container\">\n\t\t<div class=\"elementor-element elementor-element-21b1a31 e-con-full e-flex e-con e-child\" data-id=\"21b1a31\" data-element_type=\"container\" data-e-type=\"container\">\n\t\t\t\t<div class=\"elementor-element elementor-element-73be419 elementor-widget elementor-widget-text-editor\" data-id=\"73be419\" data-element_type=\"widget\" data-e-type=\"widget\" data-widget_type=\"text-editor.default\">\n\t\t\t\t<div class=\"elementor-widget-container\">\n\t\t\t\t\t\t\t\t\t<p><strong data-start=\"155\" data-end=\"254\">S.A.R. Pharma S.r.l. is ISO 9001 certified for Quality Management Systems (QMS).<\/strong><br data-start=\"254\" data-end=\"257\" \/>This international recognition confirms our <strong data-start=\"313\" data-end=\"416\">ongoing commitment to excellence, regulatory compliance, and continuous process improvement<\/strong>ensuring <strong data-start=\"429\" data-end=\"454\">reliability and added value<\/strong> for our partners in the <strong data-start=\"485\" data-end=\"558\">pharmaceutical, nutraceutical, cosmetic, medical device, and healthcare sectors.<\/strong>.<\/p>\t\t\t\t\t\t\t\t<\/div>\n\t\t\t\t<\/div>\n\t\t\t\t<\/div>\n\t\t<div class=\"elementor-element elementor-element-5855f8c e-con-full e-flex e-con e-child\" data-id=\"5855f8c\" data-element_type=\"container\" data-e-type=\"container\">\n\t\t\t\t<div class=\"elementor-element elementor-element-379d97a elementor-widget elementor-widget-image\" data-id=\"379d97a\" data-element_type=\"widget\" data-e-type=\"widget\" data-widget_type=\"image.default\">\n\t\t\t\t<div class=\"elementor-widget-container\">\n\t\t\t\t\t\t\t\t\t\t\t\t\t\t\t<img decoding=\"async\" width=\"230\" height=\"105\" src=\"https:\/\/sarpharma.eu\/wp-content\/uploads\/2025\/03\/CVI_9001SNAS.jpg\" class=\"attachment-large size-large wp-image-656\" alt=\"\" \/>\t\t\t\t\t\t\t\t\t\t\t\t\t\t\t<\/div>\n\t\t\t\t<\/div>\n\t\t\t\t<\/div>\n\t\t\t\t<\/div>\n\t\t\t\t\t<\/div>\n\t\t\t\t<\/div>\n\t\t<div class=\"elementor-element elementor-element-diwg2yoa twbb_section e-flex e-con-boxed e-con e-parent\" data-id=\"diwg2yoa\" data-element_type=\"container\" data-e-type=\"container\" id=\"our-team\">\n\t\t\t\t\t<div class=\"e-con-inner\">\n\t\t<div class=\"elementor-element elementor-element-yz7l77zv e-con-full e-flex e-con e-child\" data-id=\"yz7l77zv\" data-element_type=\"container\" data-e-type=\"container\">\n\t\t\t\t<div class=\"elementor-element elementor-element-0ppv38mw elementor-widget__width-initial elementor-widget-mobile__width-inherit elementor-widget-tablet__width-initial elementor-invisible elementor-widget elementor-widget-heading\" data-id=\"0ppv38mw\" data-element_type=\"widget\" data-e-type=\"widget\" data-settings=\"{&quot;_animation&quot;:&quot;fadeInUp&quot;}\" data-widget_type=\"heading.default\">\n\t\t\t\t<div class=\"elementor-widget-container\">\n\t\t\t\t\t<h5 class=\"elementor-heading-title elementor-size-default\">Our team of experts is ready to help you!<\/h5>\t\t\t\t<\/div>\n\t\t\t\t<\/div>\n\t\t\t\t<div class=\"elementor-element elementor-element-w50ojh6a elementor-widget__width-initial elementor-widget-mobile__width-inherit elementor-widget-tablet__width-initial twbb_cta-button-wrapper-left twbb_cta-valign-align-top twbb_cta-button-wrapper-left twbb_cta-button-wrapper-center twbb_cta-position-button-bottom twbb_cta-tablet-position-button-bottom twbb_cta-mobile-position-button-bottom elementor-invisible elementor-widget elementor-widget-twbb_call-to-action\" data-id=\"w50ojh6a\" data-element_type=\"widget\" data-e-type=\"widget\" data-settings=\"{&quot;_animation&quot;:&quot;fadeInUp&quot;}\" data-widget_type=\"twbb_call-to-action.default\">\n\t\t\t\t<div class=\"elementor-widget-container\">\n\t\t\t\t\t    <div  class=\"twbb_cta-wrapper\">\n      <div class=\"twbb_cta-content-wrapper\">\n    <div class=\"twbb_cta-content-inner\">\n                <h2 class=\"twbb_cta-title\">Request a Consultation<\/h2>\n                    <div class=\"twbb_cta-description\">Do you need strategic support?\nOur team of experts in Regulatory Affairs, Pharmacovigilance, Quality Management, Research &amp; Development, and Health Technology Assessment (HTA) is ready to provide tailored solutions for every need.\nContact us today and discover how S.A.R. Pharma can help your company achieve regulatory compliance, innovation, and competitive success.<\/div>\n              <\/div>\n    <div class=\"twbb_cta-button-wrapper\">\n        <div class=\"twbb_cta-buttons\">\n                    <div class=\"twbb_cta-button-item twbb_cta-button-item__two twbb_cta-button-enable-yes\">\n          <a href=\"https:\/\/sarpharma.eu\/en\/contact\/\" class=\"elementor-button twbb_cta-button elementor-size- twbb_cta-button__two\"            >Learn More            <\/a>\n        <\/div>\n                  <\/div>\n    <\/div>\n  <\/div>\n        <\/div>\n\t\t\t\t<\/div>\n\t\t\t\t<\/div>\n\t\t\t\t<div class=\"elementor-element elementor-element-25c92d0 elementor-widget elementor-widget-image\" data-id=\"25c92d0\" data-element_type=\"widget\" data-e-type=\"widget\" data-widget_type=\"image.default\">\n\t\t\t\t<div class=\"elementor-widget-container\">\n\t\t\t\t\t\t\t\t\t\t\t\t\t\t\t<img fetchpriority=\"high\" decoding=\"async\" width=\"640\" height=\"640\" src=\"https:\/\/sarpharma.eu\/wp-content\/uploads\/2025\/03\/DALL\u00b7E-2025-03-18-10.01.19-A-professional-business-meeting-where-a-team-of-experts-is-discussing-strategies-in-a-modern-office.-The-setting-includes-laptops-documents-and-a-la.webp\" class=\"attachment-large size-large wp-image-541\" alt=\"\" srcset=\"https:\/\/sarpharma.eu\/wp-content\/uploads\/2025\/03\/DALL\u00b7E-2025-03-18-10.01.19-A-professional-business-meeting-where-a-team-of-experts-is-discussing-strategies-in-a-modern-office.-The-setting-includes-laptops-documents-and-a-la.webp 1024w, https:\/\/sarpharma.eu\/wp-content\/uploads\/2025\/03\/DALL\u00b7E-2025-03-18-10.01.19-A-professional-business-meeting-where-a-team-of-experts-is-discussing-strategies-in-a-modern-office.-The-setting-includes-laptops-documents-and-a-la-300x300.webp 300w, https:\/\/sarpharma.eu\/wp-content\/uploads\/2025\/03\/DALL\u00b7E-2025-03-18-10.01.19-A-professional-business-meeting-where-a-team-of-experts-is-discussing-strategies-in-a-modern-office.-The-setting-includes-laptops-documents-and-a-la-150x150.webp 150w, https:\/\/sarpharma.eu\/wp-content\/uploads\/2025\/03\/DALL\u00b7E-2025-03-18-10.01.19-A-professional-business-meeting-where-a-team-of-experts-is-discussing-strategies-in-a-modern-office.-The-setting-includes-laptops-documents-and-a-la-768x768.webp 768w, https:\/\/sarpharma.eu\/wp-content\/uploads\/2025\/03\/DALL\u00b7E-2025-03-18-10.01.19-A-professional-business-meeting-where-a-team-of-experts-is-discussing-strategies-in-a-modern-office.-The-setting-includes-laptops-documents-and-a-la-600x600.webp 600w\" sizes=\"(max-width: 640px) 100vw, 640px\" \/>\t\t\t\t\t\t\t\t\t\t\t\t\t\t\t<\/div>\n\t\t\t\t<\/div>\n\t\t\t\t<\/div>\n\t\t<div class=\"elementor-element elementor-element-nqu6fqca e-flex e-con-boxed e-con e-child\" data-id=\"nqu6fqca\" data-element_type=\"container\" data-e-type=\"container\">\n\t\t\t\t\t<div class=\"e-con-inner\">\n\t\t\t\t<div class=\"elementor-element elementor-element-f607d53 elementor-widget elementor-widget-image\" data-id=\"f607d53\" data-element_type=\"widget\" data-e-type=\"widget\" data-widget_type=\"image.default\">\n\t\t\t\t<div class=\"elementor-widget-container\">\n\t\t\t\t\t\t\t\t\t\t\t\t\t\t\t<img decoding=\"async\" width=\"640\" height=\"323\" src=\"https:\/\/sarpharma.eu\/wp-content\/uploads\/2025\/01\/logo-Sarpharma-colori-1-1024x517.jpg\" class=\"attachment-large size-large wp-image-274\" alt=\"\" srcset=\"https:\/\/sarpharma.eu\/wp-content\/uploads\/2025\/01\/logo-Sarpharma-colori-1-1024x517.jpg 1024w, https:\/\/sarpharma.eu\/wp-content\/uploads\/2025\/01\/logo-Sarpharma-colori-1-300x152.jpg 300w, https:\/\/sarpharma.eu\/wp-content\/uploads\/2025\/01\/logo-Sarpharma-colori-1-768x388.jpg 768w, https:\/\/sarpharma.eu\/wp-content\/uploads\/2025\/01\/logo-Sarpharma-colori-1-1536x776.jpg 1536w, https:\/\/sarpharma.eu\/wp-content\/uploads\/2025\/01\/logo-Sarpharma-colori-1-2048x1034.jpg 2048w, https:\/\/sarpharma.eu\/wp-content\/uploads\/2025\/01\/logo-Sarpharma-colori-1-600x303.jpg 600w\" sizes=\"(max-width: 640px) 100vw, 640px\" \/>\t\t\t\t\t\t\t\t\t\t\t\t\t\t\t<\/div>\n\t\t\t\t<\/div>\n\t\t\t\t<div class=\"elementor-element elementor-element-1c16ecd elementor-widget elementor-widget-image\" data-id=\"1c16ecd\" data-element_type=\"widget\" data-e-type=\"widget\" data-widget_type=\"image.default\">\n\t\t\t\t<div class=\"elementor-widget-container\">\n\t\t\t\t\t\t\t\t\t\t\t\t\t\t\t<img loading=\"lazy\" decoding=\"async\" width=\"500\" height=\"500\" src=\"https:\/\/sarpharma.eu\/wp-content\/uploads\/2025\/05\/1.png\" class=\"attachment-large size-large wp-image-679\" alt=\"\" srcset=\"https:\/\/sarpharma.eu\/wp-content\/uploads\/2025\/05\/1.png 500w, https:\/\/sarpharma.eu\/wp-content\/uploads\/2025\/05\/1-300x300.png 300w, https:\/\/sarpharma.eu\/wp-content\/uploads\/2025\/05\/1-150x150.png 150w\" sizes=\"(max-width: 500px) 100vw, 500px\" \/>\t\t\t\t\t\t\t\t\t\t\t\t\t\t\t<\/div>\n\t\t\t\t<\/div>\n\t\t\t\t\t<\/div>\n\t\t\t\t<\/div>\n\t\t\t\t\t<\/div>\n\t\t\t\t<\/div>\n\t\t\t\t<\/div>","protected":false},"excerpt":{"rendered":"<p>La Nostra Esperienza al Tuo Servizio Mettiamo la nostra esperienza al servizio della tua azienda.Con un team di esperti altamente qualificati in Affari Regolatori, Farmacovigilanza, Gestione della Qualit\u00e0, Health Technology Assessment (HTA) e Ricerca &amp; Sviluppo, garantiamo conformit\u00e0 normativa, qualit\u00e0 e innovazione per aiutarti a raggiungere il successo nei settori farmaceutico, nutraceutico, cosmetico, dei dispositivi [&hellip;]<\/p>\n","protected":false},"author":0,"featured_media":0,"parent":0,"menu_order":0,"comment_status":"closed","ping_status":"publish","template":"","meta":{"two_page_speed":[],"footnotes":""},"class_list":["post-213","page","type-page","status-publish","hentry"],"_links":{"self":[{"href":"https:\/\/sarpharma.eu\/en\/wp-json\/wp\/v2\/pages\/213","targetHints":{"allow":["GET"]}}],"collection":[{"href":"https:\/\/sarpharma.eu\/en\/wp-json\/wp\/v2\/pages"}],"about":[{"href":"https:\/\/sarpharma.eu\/en\/wp-json\/wp\/v2\/types\/page"}],"replies":[{"embeddable":true,"href":"https:\/\/sarpharma.eu\/en\/wp-json\/wp\/v2\/comments?post=213"}],"version-history":[{"count":0,"href":"https:\/\/sarpharma.eu\/en\/wp-json\/wp\/v2\/pages\/213\/revisions"}],"wp:attachment":[{"href":"https:\/\/sarpharma.eu\/en\/wp-json\/wp\/v2\/media?parent=213"}],"curies":[{"name":"wp","href":"https:\/\/api.w.org\/{rel}","templated":true}]}}